{"id":51,"date":"2022-03-03T19:31:55","date_gmt":"2022-03-03T19:31:55","guid":{"rendered":"https:\/\/www.ubytovaniupedra.cz\/?page_id=51"},"modified":"2022-03-03T19:33:02","modified_gmt":"2022-03-03T19:33:02","slug":"ubytovani-u-pedra","status":"publish","type":"page","link":"https:\/\/www.ubytovaniupedra.cz\/","title":{"rendered":"Ubytov\u00e1n\u00ed u PEDRA"},"content":{"rendered":"\n<p>P\u0159\u00edjemn\u00e9 a \u010dist\u00e9 ubytov\u00e1n\u00ed, nedaleko centra m\u011bsta \u010cesk\u00fd Brod, 15 minut autem od PRAHY \u2013 \u010cern\u00fd most.<\/p>\n\n\n\n<p>D\u016fm disponuje pokoji s&nbsp;vlastn\u00ed koupelnou a bytov\u00fdmi jednotkami. Nab\u00edz\u00edme mo\u017enost vyu\u017eit\u00ed kuchyn\u011b pro p\u0159\u00edpravu j\u00eddla.<\/p>\n\n\n\n<p>Parkovan\u00ed pro vozidla je zaji\u0161t\u011bno p\u0159\u00edmo p\u0159ed domem, nebo v&nbsp;p\u0159ilehl\u00e9 ulici.<\/p>\n\n\n\n<p>Kvalitn\u00ed a rychl\u00e9 internetov\u00e9 p\u0159ipojen\u00ed. POZOR JEN PRO SLU\u0160N\u00c9 LIDI\u010cKY!!! Vhodn\u00e9 pro jednotlivce, firmy, agentury, studenty.<\/p>\n\n\n\n<p>Dlouhodob\u00e9 i kr\u00e1tkodob\u00e9 pobyty a pron\u00e1jmy. Pro ve\u010dern\u00ed posezen\u00ed k dispozici spole\u010densk\u00e1 m\u00edstnost s kule\u010dn\u00edkem.<\/p>\n\n\n\n<p>Budete p\u0159ekvapeni kvalitou a \u010distotou ubytov\u00e1n\u00ed U PEDRA<\/p>\n\n\n\n<p>D\u00e1lnice D11 5 minut autem=Praha-\u010cern\u00fd most 15 minut.<\/p>\n\n\n\n<p>Vlakov\u00e9 a autobusov\u00e9 n\u00e1dra\u017e\u00ed 5 minut p\u011b\u0161ky.<\/p>\n\n\n\n<p>Tel.734 117 868, e-mail: info@ubytovaniupedra.cz<\/p>\n","protected":false},"excerpt":{"rendered":"<p>P\u0159\u00edjemn\u00e9 a \u010dist\u00e9 ubytov\u00e1n\u00ed, nedaleko centra m\u011bsta \u010cesk\u00fd Brod, 15 minut autem od PRAHY \u2013 \u010cern\u00fd most. D\u016fm disponuje pokoji s&nbsp;vlastn\u00ed koupelnou a bytov\u00fdmi jednotkami. Nab\u00edz\u00edme mo\u017enost vyu\u017eit\u00ed kuchyn\u011b pro p\u0159\u00edpravu j\u00eddla. Parkovan\u00ed pro vozidla je zaji\u0161t\u011bno p\u0159\u00edmo p\u0159ed domem, nebo v&nbsp;p\u0159ilehl\u00e9 ulici. Kvalitn\u00ed a rychl\u00e9 internetov\u00e9 p\u0159ipojen\u00ed. POZOR JEN PRO SLU\u0160N\u00c9 LIDI\u010cKY!!! Vhodn\u00e9 pro [&hellip;]<\/p>\n","protected":false},"author":1,"featured_media":0,"parent":0,"menu_order":0,"comment_status":"closed","ping_status":"closed","template":"","meta":{"footnotes":""},"class_list":["post-51","page","type-page","status-publish","hentry"],"_links":{"self":[{"href":"https:\/\/www.ubytovaniupedra.cz\/index.php?rest_route=\/wp\/v2\/pages\/51","targetHints":{"allow":["GET"]}}],"collection":[{"href":"https:\/\/www.ubytovaniupedra.cz\/index.php?rest_route=\/wp\/v2\/pages"}],"about":[{"href":"https:\/\/www.ubytovaniupedra.cz\/index.php?rest_route=\/wp\/v2\/types\/page"}],"author":[{"embeddable":true,"href":"https:\/\/www.ubytovaniupedra.cz\/index.php?rest_route=\/wp\/v2\/users\/1"}],"replies":[{"embeddable":true,"href":"https:\/\/www.ubytovaniupedra.cz\/index.php?rest_route=%2Fwp%2Fv2%2Fcomments&post=51"}],"version-history":[{"count":2,"href":"https:\/\/www.ubytovaniupedra.cz\/index.php?rest_route=\/wp\/v2\/pages\/51\/revisions"}],"predecessor-version":[{"id":55,"href":"https:\/\/www.ubytovaniupedra.cz\/index.php?rest_route=\/wp\/v2\/pages\/51\/revisions\/55"}],"wp:attachment":[{"href":"https:\/\/www.ubytovaniupedra.cz\/index.php?rest_route=%2Fwp%2Fv2%2Fmedia&parent=51"}],"curies":[{"name":"wp","href":"https:\/\/api.w.org\/{rel}","templated":true}]}}