{"id":19,"date":"2022-03-03T18:46:55","date_gmt":"2022-03-03T18:46:55","guid":{"rendered":"https:\/\/www.ubytovaniupedra.cz\/?page_id=19"},"modified":"2022-03-03T19:33:55","modified_gmt":"2022-03-03T19:33:55","slug":"cenik","status":"publish","type":"page","link":"https:\/\/www.ubytovaniupedra.cz\/?page_id=19","title":{"rendered":"Cen\u00edk"},"content":{"rendered":"\n<p>Cena ubytov\u00e1n\u00ed ji\u017e od 150,- \/ den<\/p>\n\n\n\n<p><strong>Pro firmy a agentury nad 30 osob TOP cena!!!<\/strong><\/p>\n\n\n\n<p><strong>Zavolejte a domluv\u00edme se. <em>(<\/em><\/strong><em>Cena dle po\u010dtu osob a d\u00e9lky pobytu)<\/em><\/p>\n\n\n\n<p>POZOR JEN PRO SLU\u0160N\u00c9 LIDI\u010cKY!!!<\/p>\n\n\n\n<p><em>D\u00e1lnice D11 5 minut autem=Praha-\u010cern\u00fd most 15 minut.<\/em><\/p>\n\n\n\n<p><em>Vlakov\u00e9 a autobusov\u00e9 n\u00e1dra\u017e\u00ed 5 minut p\u011b\u0161ky.<\/em><\/p>\n\n\n\n<p><em>Vhodn\u00e9 pro jednotlivce, firmy, agentury, studenty.<\/em><\/p>\n\n\n\n<p><em>Dlouhodob\u00e9 i kr\u00e1tkodob\u00e9 pobyty a pron\u00e1jmy.<\/em><\/p>\n","protected":false},"excerpt":{"rendered":"<p>Cena ubytov\u00e1n\u00ed ji\u017e od 150,- \/ den Pro firmy a agentury nad 30 osob TOP cena!!! Zavolejte a domluv\u00edme se. (Cena dle po\u010dtu osob a d\u00e9lky pobytu) POZOR JEN PRO SLU\u0160N\u00c9 LIDI\u010cKY!!! D\u00e1lnice D11 5 minut autem=Praha-\u010cern\u00fd most 15 minut. Vlakov\u00e9 a autobusov\u00e9 n\u00e1dra\u017e\u00ed 5 minut p\u011b\u0161ky. Vhodn\u00e9 pro jednotlivce, firmy, agentury, studenty. Dlouhodob\u00e9 i [&hellip;]<\/p>\n","protected":false},"author":1,"featured_media":0,"parent":51,"menu_order":0,"comment_status":"closed","ping_status":"closed","template":"","meta":{"footnotes":""},"class_list":["post-19","page","type-page","status-publish","hentry"],"_links":{"self":[{"href":"https:\/\/www.ubytovaniupedra.cz\/index.php?rest_route=\/wp\/v2\/pages\/19","targetHints":{"allow":["GET"]}}],"collection":[{"href":"https:\/\/www.ubytovaniupedra.cz\/index.php?rest_route=\/wp\/v2\/pages"}],"about":[{"href":"https:\/\/www.ubytovaniupedra.cz\/index.php?rest_route=\/wp\/v2\/types\/page"}],"author":[{"embeddable":true,"href":"https:\/\/www.ubytovaniupedra.cz\/index.php?rest_route=\/wp\/v2\/users\/1"}],"replies":[{"embeddable":true,"href":"https:\/\/www.ubytovaniupedra.cz\/index.php?rest_route=%2Fwp%2Fv2%2Fcomments&post=19"}],"version-history":[{"count":3,"href":"https:\/\/www.ubytovaniupedra.cz\/index.php?rest_route=\/wp\/v2\/pages\/19\/revisions"}],"predecessor-version":[{"id":39,"href":"https:\/\/www.ubytovaniupedra.cz\/index.php?rest_route=\/wp\/v2\/pages\/19\/revisions\/39"}],"up":[{"embeddable":true,"href":"https:\/\/www.ubytovaniupedra.cz\/index.php?rest_route=\/wp\/v2\/pages\/51"}],"wp:attachment":[{"href":"https:\/\/www.ubytovaniupedra.cz\/index.php?rest_route=%2Fwp%2Fv2%2Fmedia&parent=19"}],"curies":[{"name":"wp","href":"https:\/\/api.w.org\/{rel}","templated":true}]}}